{"id":74,"date":"2021-12-07T12:24:20","date_gmt":"2021-12-07T12:24:20","guid":{"rendered":"https:\/\/tiendasolidaria.neurodiversi.org\/index.php\/producto\/camiseta-neurodiversi-manga-corta-unisex\/"},"modified":"2022-02-06T19:08:38","modified_gmt":"2022-02-06T19:08:38","slug":"camiseta-neurodiversi-manga-corta-unisex","status":"publish","type":"product","link":"https:\/\/tiendasolidaria.neurodiversi.org\/index.php\/producto\/camiseta-neurodiversi-manga-corta-unisex\/","title":{"rendered":"Camiseta neurodiverSi manga corta unisex"},"content":{"rendered":"<p>[et_pb_section fb_built=&#8221;1&#8243; _builder_version=&#8221;4.14.7&#8243; background_color=&#8221;RGBA(255,255,255,0)&#8221; transform_scale_phone=&#8221;112%|112%&#8221; transform_scale_last_edited=&#8221;off|phone&#8221; transform_scale_linked=&#8221;off&#8221; transform_translate_last_edited=&#8221;off|phone&#8221; transform_rotate_last_edited=&#8221;off|phone&#8221; transform_skew_last_edited=&#8221;off|phone&#8221; transform_origin_last_edited=&#8221;off|phone&#8221; transform_styles_last_edited=&#8221;off|phone&#8221; max_width=&#8221;1920px&#8221; custom_margin=&#8221;|0px||0px|false|false&#8221; custom_padding=&#8221;0px|0px|2px|0px|false|false&#8221; global_colors_info=&#8221;{}&#8221; theme_builder_area=&#8221;post_content&#8221;][et_pb_row _builder_version=&#8221;4.14.7&#8243; background_size=&#8221;initial&#8221; background_position=&#8221;top_left&#8221; background_repeat=&#8221;repeat&#8221; width=&#8221;100%&#8221; max_width=&#8221;1920px&#8221; module_alignment=&#8221;center&#8221; custom_margin=&#8221;1px|auto||auto|false|false&#8221; custom_margin_tablet=&#8221;1px|auto||auto|false|false&#8221; custom_margin_phone=&#8221;1px|auto||auto|false|false&#8221; custom_margin_last_edited=&#8221;on|phone&#8221; custom_padding=&#8221;0px||0px||false|false&#8221; global_colors_info=&#8221;{}&#8221; theme_builder_area=&#8221;post_content&#8221;][et_pb_column type=&#8221;4_4&#8243; _builder_version=&#8221;3.25&#8243; custom_padding=&#8221;|||&#8221; global_colors_info=&#8221;{}&#8221; custom_padding__hover=&#8221;|||&#8221; theme_builder_area=&#8221;post_content&#8221;][et_pb_wc_cart_notice _builder_version=&#8221;4.14.7&#8243; box_shadow_style=&#8221;preset2&#8243; global_colors_info=&#8221;{}&#8221; theme_builder_area=&#8221;post_content&#8221;][\/et_pb_wc_cart_notice][\/et_pb_column][\/et_pb_row][et_pb_row column_structure=&#8221;1_2,1_2&#8243; use_custom_gutter=&#8221;on&#8221; gutter_width=&#8221;2&#8243; make_equal=&#8221;on&#8221; _builder_version=&#8221;4.14.7&#8243; background_size=&#8221;initial&#8221; background_position=&#8221;top_left&#8221; background_repeat=&#8221;repeat&#8221; width=&#8221;100%&#8221; custom_padding=&#8221;||||false|false&#8221; global_colors_info=&#8221;{}&#8221; theme_builder_area=&#8221;post_content&#8221;][et_pb_column type=&#8221;1_2&#8243; _builder_version=&#8221;3.25&#8243; custom_padding=&#8221;|||&#8221; global_colors_info=&#8221;{}&#8221; custom_padding__hover=&#8221;|||&#8221; theme_builder_area=&#8221;post_content&#8221;][et_pb_wc_images admin_label=&#8221;Imagenes&#8221; _builder_version=&#8221;4.14.7&#8243; custom_padding=&#8221;|0px||0px||&#8221; box_shadow_style_image=&#8221;preset2&#8243; global_colors_info=&#8221;{}&#8221; theme_builder_area=&#8221;post_content&#8221;][\/et_pb_wc_images][\/et_pb_column][et_pb_column type=&#8221;1_2&#8243; _builder_version=&#8221;3.25&#8243; custom_padding=&#8221;|36px|||false|false&#8221; global_colors_info=&#8221;{}&#8221; custom_padding__hover=&#8221;|||&#8221; theme_builder_area=&#8221;post_content&#8221;][et_pb_wc_title admin_label=&#8221;Nombre&#8221; _builder_version=&#8221;4.14.7&#8243; global_colors_info=&#8221;{}&#8221; theme_builder_area=&#8221;post_content&#8221;][\/et_pb_wc_title][et_pb_wc_breadcrumb admin_label=&#8221;Ruta&#8221; _builder_version=&#8221;4.14.7&#8243; _module_preset=&#8221;default&#8221; custom_margin=&#8221;-10px|||||&#8221; global_colors_info=&#8221;{}&#8221; theme_builder_area=&#8221;post_content&#8221;][\/et_pb_wc_breadcrumb][et_pb_wc_price admin_label=&#8221;Precio&#8221; _builder_version=&#8221;4.14.7&#8243; global_colors_info=&#8221;{}&#8221; theme_builder_area=&#8221;post_content&#8221;][\/et_pb_wc_price][et_pb_wc_description _builder_version=&#8221;3.0.47&#8243; global_colors_info=&#8221;{}&#8221; theme_builder_area=&#8221;post_content&#8221;][\/et_pb_wc_description][et_pb_wc_add_to_cart admin_label=&#8221;A\u00f1adir al carrito&#8221; _builder_version=&#8221;4.14.7&#8243; fields_font_size=&#8221;14px&#8221; custom_button=&#8221;on&#8221; button_text_color=&#8221;#FFFFFF&#8221; button_bg_color=&#8221;#47AFFF&#8221; button_border_color=&#8221;RGBA(255,255,255,0)&#8221; button_border_radius=&#8221;0px&#8221; text_orientation=&#8221;center&#8221; box_shadow_style_button=&#8221;preset2&#8243; global_colors_info=&#8221;{}&#8221; theme_builder_area=&#8221;post_content&#8221;][\/et_pb_wc_add_to_cart][et_pb_text admin_label=&#8221;Texto %22descripci\u00f3n%22&#8243; _builder_version=&#8221;4.14.7&#8243; _module_preset=&#8221;default&#8221; text_font=&#8221;|600||on|||||&#8221; text_text_color=&#8221;#474747&#8243; text_font_size=&#8221;15px&#8221; text_letter_spacing=&#8221;4px&#8221; text_line_height=&#8221;1em&#8221; global_colors_info=&#8221;{}&#8221; theme_builder_area=&#8221;post_content&#8221;]<\/p>\n<p>Descripci\u00f3n<\/p>\n<p>[\/et_pb_text][et_pb_wc_description description_type=&#8221;description&#8221; admin_label=&#8221;Descripci\u00f3n&#8221; _builder_version=&#8221;4.14.7&#8243; _module_preset=&#8221;default&#8221; body_font=&#8221;||||||||&#8221; body_font_size=&#8221;12px&#8221; custom_margin=&#8221;-2px|||||&#8221; global_colors_info=&#8221;{}&#8221; theme_builder_area=&#8221;post_content&#8221;][\/et_pb_wc_description][et_pb_wc_additional_info admin_label=&#8221;Info adicional&#8221; _builder_version=&#8221;4.14.7&#8243; _module_preset=&#8221;default&#8221; header_font=&#8221;|600||on|||||&#8221; header_text_color=&#8221;#474747&#8243; header_font_size=&#8221;15px&#8221; header_letter_spacing=&#8221;4px&#8221; custom_margin=&#8221;||||false|false&#8221; global_colors_info=&#8221;{}&#8221; theme_builder_area=&#8221;post_content&#8221;][\/et_pb_wc_additional_info][\/et_pb_column][\/et_pb_row][et_pb_row _builder_version=&#8221;4.14.7&#8243; background_size=&#8221;initial&#8221; background_position=&#8221;top_left&#8221; background_repeat=&#8221;repeat&#8221; width=&#8221;100%&#8221; custom_margin=&#8221;-61px|auto||auto||&#8221; global_colors_info=&#8221;{}&#8221; theme_builder_area=&#8221;post_content&#8221;][et_pb_column type=&#8221;4_4&#8243; _builder_version=&#8221;4.14.7&#8243; custom_padding=&#8221;|||&#8221; global_colors_info=&#8221;{}&#8221; custom_padding__hover=&#8221;|||&#8221; theme_builder_area=&#8221;post_content&#8221;][et_pb_wc_meta admin_label=&#8221;SKU&#8221; _builder_version=&#8221;4.14.7&#8243; global_colors_info=&#8221;{}&#8221; theme_builder_area=&#8221;post_content&#8221;][\/et_pb_wc_meta][et_pb_wc_related_products show_rating=&#8221;off&#8221; admin_label=&#8221;Productos relacionados&#8221; _builder_version=&#8221;4.14.7&#8243; product_title_font_size=&#8221;19px&#8221; custom_margin=&#8221;||-6px|||&#8221; box_shadow_style_image=&#8221;preset2&#8243; global_colors_info=&#8221;{}&#8221; theme_builder_area=&#8221;post_content&#8221;][\/et_pb_wc_related_products][\/et_pb_column][\/et_pb_row][\/et_pb_section]<\/p>\n","protected":false},"excerpt":{"rendered":"<p>Descripci\u00f3n<\/p>\n","protected":false},"featured_media":83,"comment_status":"open","ping_status":"closed","template":"","meta":{"_et_pb_use_builder":"on","_et_pb_old_content":"Prenda con dise\u00f1o de neurodiverSi fabricada con algod\u00f3n grueso, pero su tacto sigue siendo muy suave. El pespunte doble en el cuello y las mangas le a\u00f1aden mayor durabilidad.\r\n\r\n\u2022 100% algod\u00f3n hilado en anillo\r\n\u2022 El color Sport Grey est\u00e1 compuesto de 90% algod\u00f3n hilado en anillos y 10% poli\u00e9ster\r\n\u2022 Dark heather contiene 65% poli\u00e9ster y 35% algod\u00f3n\r\n\u2022 153 g\/m\u00b2 (4,5 oz\/yd\u00b2)\r\n\u2022 Preencogido\r\n\u2022 Tapacosturas reforzado en hombros y cuello\r\n\u2022 Ha pasado el proceso de girado de un cuarto para eliminar el pliegue central\r\n\u2022 Producto base procedente de Banglad\u00e9s, Honduras, Hait\u00ed, M\u00e9xico o Nicaragua","_et_gb_content_width":""},"product_cat":[17],"product_tag":[],"class_list":["post-74","product","type-product","status-publish","has-post-thumbnail","hentry","product_cat-clothing"],"yoast_head":"<!-- This site is optimized with the Yoast SEO plugin v20.10 - https:\/\/yoast.com\/wordpress\/plugins\/seo\/ -->\n<title>Camiseta neurodiverSi manga corta unisex - Tienda Solidaria de NeurodiverS\u00ed<\/title>\n<meta name=\"robots\" content=\"index, follow, max-snippet:-1, max-image-preview:large, max-video-preview:-1\" \/>\n<link rel=\"canonical\" href=\"https:\/\/tiendasolidaria.neurodiversi.org\/index.php\/producto\/camiseta-neurodiversi-manga-corta-unisex\/\" \/>\n<meta property=\"og:locale\" content=\"es_ES\" \/>\n<meta property=\"og:type\" content=\"article\" \/>\n<meta property=\"og:title\" content=\"Camiseta neurodiverSi manga corta unisex - Tienda Solidaria de NeurodiverS\u00ed\" \/>\n<meta property=\"og:description\" content=\"Descripci\u00f3n\" \/>\n<meta property=\"og:url\" content=\"https:\/\/tiendasolidaria.neurodiversi.org\/index.php\/producto\/camiseta-neurodiversi-manga-corta-unisex\/\" \/>\n<meta property=\"og:site_name\" content=\"Tienda Solidaria de NeurodiverS\u00ed\" \/>\n<meta property=\"article:modified_time\" content=\"2022-02-06T19:08:38+00:00\" \/>\n<meta property=\"og:image\" content=\"https:\/\/tiendasolidaria.neurodiversi.org\/wp-content\/uploads\/2021\/12\/unisex-basic-softstyle-t-shirt-white-front-61af52621c95a.jpg\" \/>\n\t<meta property=\"og:image:width\" content=\"1000\" \/>\n\t<meta property=\"og:image:height\" content=\"1000\" \/>\n\t<meta property=\"og:image:type\" content=\"image\/jpeg\" \/>\n<meta name=\"twitter:card\" content=\"summary_large_image\" \/>\n<script type=\"application\/ld+json\" class=\"yoast-schema-graph\">{\"@context\":\"https:\/\/schema.org\",\"@graph\":[{\"@type\":\"WebPage\",\"@id\":\"https:\/\/tiendasolidaria.neurodiversi.org\/index.php\/producto\/camiseta-neurodiversi-manga-corta-unisex\/\",\"url\":\"https:\/\/tiendasolidaria.neurodiversi.org\/index.php\/producto\/camiseta-neurodiversi-manga-corta-unisex\/\",\"name\":\"Camiseta neurodiverSi manga corta unisex - Tienda Solidaria de NeurodiverS\u00ed\",\"isPartOf\":{\"@id\":\"https:\/\/tiendasolidaria.neurodiversi.org\/#website\"},\"datePublished\":\"2021-12-07T12:24:20+00:00\",\"dateModified\":\"2022-02-06T19:08:38+00:00\",\"breadcrumb\":{\"@id\":\"https:\/\/tiendasolidaria.neurodiversi.org\/index.php\/producto\/camiseta-neurodiversi-manga-corta-unisex\/#breadcrumb\"},\"inLanguage\":\"es\",\"potentialAction\":[{\"@type\":\"ReadAction\",\"target\":[\"https:\/\/tiendasolidaria.neurodiversi.org\/index.php\/producto\/camiseta-neurodiversi-manga-corta-unisex\/\"]}]},{\"@type\":\"BreadcrumbList\",\"@id\":\"https:\/\/tiendasolidaria.neurodiversi.org\/index.php\/producto\/camiseta-neurodiversi-manga-corta-unisex\/#breadcrumb\",\"itemListElement\":[{\"@type\":\"ListItem\",\"position\":1,\"name\":\"Portada\",\"item\":\"https:\/\/tiendasolidaria.neurodiversi.org\/\"},{\"@type\":\"ListItem\",\"position\":2,\"name\":\"Tienda\",\"item\":\"https:\/\/tiendasolidaria.neurodiversi.org\/\"},{\"@type\":\"ListItem\",\"position\":3,\"name\":\"Camiseta neurodiverSi manga corta unisex\"}]},{\"@type\":\"WebSite\",\"@id\":\"https:\/\/tiendasolidaria.neurodiversi.org\/#website\",\"url\":\"https:\/\/tiendasolidaria.neurodiversi.org\/\",\"name\":\"Tienda Solidaria de NeurodiverS\u00ed\",\"description\":\"Tienda Solidaria de NeurodiverS\u00ed\",\"publisher\":{\"@id\":\"https:\/\/tiendasolidaria.neurodiversi.org\/#organization\"},\"potentialAction\":[{\"@type\":\"SearchAction\",\"target\":{\"@type\":\"EntryPoint\",\"urlTemplate\":\"https:\/\/tiendasolidaria.neurodiversi.org\/?s={search_term_string}\"},\"query-input\":\"required name=search_term_string\"}],\"inLanguage\":\"es\"},{\"@type\":\"Organization\",\"@id\":\"https:\/\/tiendasolidaria.neurodiversi.org\/#organization\",\"name\":\"Tienda Solidaria de NeurodiverS\u00ed\",\"url\":\"https:\/\/tiendasolidaria.neurodiversi.org\/\",\"logo\":{\"@type\":\"ImageObject\",\"inLanguage\":\"es\",\"@id\":\"https:\/\/tiendasolidaria.neurodiversi.org\/#\/schema\/logo\/image\/\",\"url\":\"https:\/\/tiendasolidaria.neurodiversi.org\/wp-content\/uploads\/2021\/09\/cropped-neurodiversi_home1.png\",\"contentUrl\":\"https:\/\/tiendasolidaria.neurodiversi.org\/wp-content\/uploads\/2021\/09\/cropped-neurodiversi_home1.png\",\"width\":532,\"height\":222,\"caption\":\"Tienda Solidaria de NeurodiverS\u00ed\"},\"image\":{\"@id\":\"https:\/\/tiendasolidaria.neurodiversi.org\/#\/schema\/logo\/image\/\"}}]}<\/script>\n<!-- \/ Yoast SEO plugin. -->","yoast_head_json":{"title":"Camiseta neurodiverSi manga corta unisex - Tienda Solidaria de NeurodiverS\u00ed","robots":{"index":"index","follow":"follow","max-snippet":"max-snippet:-1","max-image-preview":"max-image-preview:large","max-video-preview":"max-video-preview:-1"},"canonical":"https:\/\/tiendasolidaria.neurodiversi.org\/index.php\/producto\/camiseta-neurodiversi-manga-corta-unisex\/","og_locale":"es_ES","og_type":"article","og_title":"Camiseta neurodiverSi manga corta unisex - Tienda Solidaria de NeurodiverS\u00ed","og_description":"Descripci\u00f3n","og_url":"https:\/\/tiendasolidaria.neurodiversi.org\/index.php\/producto\/camiseta-neurodiversi-manga-corta-unisex\/","og_site_name":"Tienda Solidaria de NeurodiverS\u00ed","article_modified_time":"2022-02-06T19:08:38+00:00","og_image":[{"width":1000,"height":1000,"url":"https:\/\/tiendasolidaria.neurodiversi.org\/wp-content\/uploads\/2021\/12\/unisex-basic-softstyle-t-shirt-white-front-61af52621c95a.jpg","type":"image\/jpeg"}],"twitter_card":"summary_large_image","schema":{"@context":"https:\/\/schema.org","@graph":[{"@type":"WebPage","@id":"https:\/\/tiendasolidaria.neurodiversi.org\/index.php\/producto\/camiseta-neurodiversi-manga-corta-unisex\/","url":"https:\/\/tiendasolidaria.neurodiversi.org\/index.php\/producto\/camiseta-neurodiversi-manga-corta-unisex\/","name":"Camiseta neurodiverSi manga corta unisex - Tienda Solidaria de NeurodiverS\u00ed","isPartOf":{"@id":"https:\/\/tiendasolidaria.neurodiversi.org\/#website"},"datePublished":"2021-12-07T12:24:20+00:00","dateModified":"2022-02-06T19:08:38+00:00","breadcrumb":{"@id":"https:\/\/tiendasolidaria.neurodiversi.org\/index.php\/producto\/camiseta-neurodiversi-manga-corta-unisex\/#breadcrumb"},"inLanguage":"es","potentialAction":[{"@type":"ReadAction","target":["https:\/\/tiendasolidaria.neurodiversi.org\/index.php\/producto\/camiseta-neurodiversi-manga-corta-unisex\/"]}]},{"@type":"BreadcrumbList","@id":"https:\/\/tiendasolidaria.neurodiversi.org\/index.php\/producto\/camiseta-neurodiversi-manga-corta-unisex\/#breadcrumb","itemListElement":[{"@type":"ListItem","position":1,"name":"Portada","item":"https:\/\/tiendasolidaria.neurodiversi.org\/"},{"@type":"ListItem","position":2,"name":"Tienda","item":"https:\/\/tiendasolidaria.neurodiversi.org\/"},{"@type":"ListItem","position":3,"name":"Camiseta neurodiverSi manga corta unisex"}]},{"@type":"WebSite","@id":"https:\/\/tiendasolidaria.neurodiversi.org\/#website","url":"https:\/\/tiendasolidaria.neurodiversi.org\/","name":"Tienda Solidaria de NeurodiverS\u00ed","description":"Tienda Solidaria de NeurodiverS\u00ed","publisher":{"@id":"https:\/\/tiendasolidaria.neurodiversi.org\/#organization"},"potentialAction":[{"@type":"SearchAction","target":{"@type":"EntryPoint","urlTemplate":"https:\/\/tiendasolidaria.neurodiversi.org\/?s={search_term_string}"},"query-input":"required name=search_term_string"}],"inLanguage":"es"},{"@type":"Organization","@id":"https:\/\/tiendasolidaria.neurodiversi.org\/#organization","name":"Tienda Solidaria de NeurodiverS\u00ed","url":"https:\/\/tiendasolidaria.neurodiversi.org\/","logo":{"@type":"ImageObject","inLanguage":"es","@id":"https:\/\/tiendasolidaria.neurodiversi.org\/#\/schema\/logo\/image\/","url":"https:\/\/tiendasolidaria.neurodiversi.org\/wp-content\/uploads\/2021\/09\/cropped-neurodiversi_home1.png","contentUrl":"https:\/\/tiendasolidaria.neurodiversi.org\/wp-content\/uploads\/2021\/09\/cropped-neurodiversi_home1.png","width":532,"height":222,"caption":"Tienda Solidaria de NeurodiverS\u00ed"},"image":{"@id":"https:\/\/tiendasolidaria.neurodiversi.org\/#\/schema\/logo\/image\/"}}]}},"_links":{"self":[{"href":"https:\/\/tiendasolidaria.neurodiversi.org\/index.php\/wp-json\/wp\/v2\/product\/74","targetHints":{"allow":["GET"]}}],"collection":[{"href":"https:\/\/tiendasolidaria.neurodiversi.org\/index.php\/wp-json\/wp\/v2\/product"}],"about":[{"href":"https:\/\/tiendasolidaria.neurodiversi.org\/index.php\/wp-json\/wp\/v2\/types\/product"}],"replies":[{"embeddable":true,"href":"https:\/\/tiendasolidaria.neurodiversi.org\/index.php\/wp-json\/wp\/v2\/comments?post=74"}],"wp:featuredmedia":[{"embeddable":true,"href":"https:\/\/tiendasolidaria.neurodiversi.org\/index.php\/wp-json\/wp\/v2\/media\/83"}],"wp:attachment":[{"href":"https:\/\/tiendasolidaria.neurodiversi.org\/index.php\/wp-json\/wp\/v2\/media?parent=74"}],"wp:term":[{"taxonomy":"product_cat","embeddable":true,"href":"https:\/\/tiendasolidaria.neurodiversi.org\/index.php\/wp-json\/wp\/v2\/product_cat?post=74"},{"taxonomy":"product_tag","embeddable":true,"href":"https:\/\/tiendasolidaria.neurodiversi.org\/index.php\/wp-json\/wp\/v2\/product_tag?post=74"}],"curies":[{"name":"wp","href":"https:\/\/api.w.org\/{rel}","templated":true}]}}