{"id":360,"date":"2022-02-13T22:23:01","date_gmt":"2022-02-13T22:23:01","guid":{"rendered":"https:\/\/tiendasolidaria.neurodiversi.org\/index.php\/producto\/camiseta-de-manga-corta-unisex-2\/"},"modified":"2024-07-09T12:57:27","modified_gmt":"2024-07-09T12:57:27","slug":"camiseta-de-manga-corta-unisex-2","status":"publish","type":"product","link":"https:\/\/tiendasolidaria.neurodiversi.org\/index.php\/producto\/camiseta-de-manga-corta-unisex-2\/","title":{"rendered":"Camiseta de manga corta unisex"},"content":{"rendered":"<p>Prenda esencial para tu fondo de armario. Est\u00e1 fabricada con algod\u00f3n grueso, pero su tacto sigue siendo muy suave. El pespunte doble en el cuello y las mangas le a\u00f1aden mayor durabilidad por lo que pronto se convertir\u00e1 en una de tus prendas favoritas.  <\/p>\n<p>\u2022 100% algod\u00f3n hilado en anillo<br \/>\n\u2022 El color Sport Grey est\u00e1 compuesto de 90% algod\u00f3n hilado en anillos y 10% poli\u00e9ster<br \/>\n\u2022 Dark heather contiene 65% poli\u00e9ster y 35% algod\u00f3n<br \/>\n\u2022 153 g\/m\u00b2 (4,5 oz\/yd\u00b2)<br \/>\n\u2022 Preencogido<br \/>\n\u2022 Tapacosturas reforzado en hombros y cuello<br \/>\n\u2022 Ha pasado el proceso de girado de un cuarto para eliminar el pliegue central<br \/>\n\u2022 Producto base procedente de Banglad\u00e9s, Honduras, Hait\u00ed, M\u00e9xico o Nicaragua<\/p>\n","protected":false},"excerpt":{"rendered":"<p>Prenda esencial para tu fondo de armario. Est\u00e1 fabricada con algod\u00f3n grueso, pero su tacto sigue siendo muy suave. El pespunte doble en el cuello y las mangas le a\u00f1aden mayor durabilidad por lo que pronto se convertir\u00e1 en una de tus prendas favoritas. \u2022 100% algod\u00f3n hilado en anillo \u2022 El color Sport Grey [&hellip;]<\/p>\n","protected":false},"featured_media":373,"comment_status":"open","ping_status":"closed","template":"","meta":{"_et_pb_use_builder":"","_et_pb_old_content":"","_et_gb_content_width":""},"product_cat":[17],"product_tag":[],"class_list":["post-360","product","type-product","status-publish","has-post-thumbnail","hentry","product_cat-clothing"],"yoast_head":"<!-- This site is optimized with the Yoast SEO plugin v20.10 - https:\/\/yoast.com\/wordpress\/plugins\/seo\/ -->\n<title>Camiseta de manga corta unisex - Tienda Solidaria de NeurodiverS\u00ed<\/title>\n<meta name=\"robots\" content=\"index, follow, max-snippet:-1, max-image-preview:large, max-video-preview:-1\" \/>\n<link rel=\"canonical\" href=\"https:\/\/tiendasolidaria.neurodiversi.org\/index.php\/producto\/camiseta-de-manga-corta-unisex-2\/\" \/>\n<meta property=\"og:locale\" content=\"es_ES\" \/>\n<meta property=\"og:type\" content=\"article\" \/>\n<meta property=\"og:title\" content=\"Camiseta de manga corta unisex - Tienda Solidaria de NeurodiverS\u00ed\" \/>\n<meta property=\"og:description\" content=\"Prenda esencial para tu fondo de armario. Est\u00e1 fabricada con algod\u00f3n grueso, pero su tacto sigue siendo muy suave. El pespunte doble en el cuello y las mangas le a\u00f1aden mayor durabilidad por lo que pronto se convertir\u00e1 en una de tus prendas favoritas. \u2022 100% algod\u00f3n hilado en anillo \u2022 El color Sport Grey [&hellip;]\" \/>\n<meta property=\"og:url\" content=\"https:\/\/tiendasolidaria.neurodiversi.org\/index.php\/producto\/camiseta-de-manga-corta-unisex-2\/\" \/>\n<meta property=\"og:site_name\" content=\"Tienda Solidaria de NeurodiverS\u00ed\" \/>\n<meta property=\"article:modified_time\" content=\"2024-07-09T12:57:27+00:00\" \/>\n<meta property=\"og:image\" content=\"https:\/\/tiendasolidaria.neurodiversi.org\/wp-content\/uploads\/2022\/02\/unisex-basic-softstyle-t-shirt-white-front-620984b0a59d7.jpg\" \/>\n\t<meta property=\"og:image:width\" content=\"1000\" \/>\n\t<meta property=\"og:image:height\" content=\"1000\" \/>\n\t<meta property=\"og:image:type\" content=\"image\/jpeg\" \/>\n<meta name=\"twitter:card\" content=\"summary_large_image\" \/>\n<meta name=\"twitter:label1\" content=\"Tiempo de lectura\" \/>\n\t<meta name=\"twitter:data1\" content=\"1 minuto\" \/>\n<script type=\"application\/ld+json\" class=\"yoast-schema-graph\">{\"@context\":\"https:\/\/schema.org\",\"@graph\":[{\"@type\":\"WebPage\",\"@id\":\"https:\/\/tiendasolidaria.neurodiversi.org\/index.php\/producto\/camiseta-de-manga-corta-unisex-2\/\",\"url\":\"https:\/\/tiendasolidaria.neurodiversi.org\/index.php\/producto\/camiseta-de-manga-corta-unisex-2\/\",\"name\":\"Camiseta de manga corta unisex - Tienda Solidaria de NeurodiverS\u00ed\",\"isPartOf\":{\"@id\":\"https:\/\/tiendasolidaria.neurodiversi.org\/#website\"},\"datePublished\":\"2022-02-13T22:23:01+00:00\",\"dateModified\":\"2024-07-09T12:57:27+00:00\",\"breadcrumb\":{\"@id\":\"https:\/\/tiendasolidaria.neurodiversi.org\/index.php\/producto\/camiseta-de-manga-corta-unisex-2\/#breadcrumb\"},\"inLanguage\":\"es\",\"potentialAction\":[{\"@type\":\"ReadAction\",\"target\":[\"https:\/\/tiendasolidaria.neurodiversi.org\/index.php\/producto\/camiseta-de-manga-corta-unisex-2\/\"]}]},{\"@type\":\"BreadcrumbList\",\"@id\":\"https:\/\/tiendasolidaria.neurodiversi.org\/index.php\/producto\/camiseta-de-manga-corta-unisex-2\/#breadcrumb\",\"itemListElement\":[{\"@type\":\"ListItem\",\"position\":1,\"name\":\"Portada\",\"item\":\"https:\/\/tiendasolidaria.neurodiversi.org\/\"},{\"@type\":\"ListItem\",\"position\":2,\"name\":\"Tienda\",\"item\":\"https:\/\/tiendasolidaria.neurodiversi.org\/\"},{\"@type\":\"ListItem\",\"position\":3,\"name\":\"Camiseta de manga corta unisex\"}]},{\"@type\":\"WebSite\",\"@id\":\"https:\/\/tiendasolidaria.neurodiversi.org\/#website\",\"url\":\"https:\/\/tiendasolidaria.neurodiversi.org\/\",\"name\":\"Tienda Solidaria de NeurodiverS\u00ed\",\"description\":\"Tienda Solidaria de NeurodiverS\u00ed\",\"publisher\":{\"@id\":\"https:\/\/tiendasolidaria.neurodiversi.org\/#organization\"},\"potentialAction\":[{\"@type\":\"SearchAction\",\"target\":{\"@type\":\"EntryPoint\",\"urlTemplate\":\"https:\/\/tiendasolidaria.neurodiversi.org\/?s={search_term_string}\"},\"query-input\":\"required name=search_term_string\"}],\"inLanguage\":\"es\"},{\"@type\":\"Organization\",\"@id\":\"https:\/\/tiendasolidaria.neurodiversi.org\/#organization\",\"name\":\"Tienda Solidaria de NeurodiverS\u00ed\",\"url\":\"https:\/\/tiendasolidaria.neurodiversi.org\/\",\"logo\":{\"@type\":\"ImageObject\",\"inLanguage\":\"es\",\"@id\":\"https:\/\/tiendasolidaria.neurodiversi.org\/#\/schema\/logo\/image\/\",\"url\":\"https:\/\/tiendasolidaria.neurodiversi.org\/wp-content\/uploads\/2021\/09\/cropped-neurodiversi_home1.png\",\"contentUrl\":\"https:\/\/tiendasolidaria.neurodiversi.org\/wp-content\/uploads\/2021\/09\/cropped-neurodiversi_home1.png\",\"width\":532,\"height\":222,\"caption\":\"Tienda Solidaria de NeurodiverS\u00ed\"},\"image\":{\"@id\":\"https:\/\/tiendasolidaria.neurodiversi.org\/#\/schema\/logo\/image\/\"}}]}<\/script>\n<!-- \/ Yoast SEO plugin. -->","yoast_head_json":{"title":"Camiseta de manga corta unisex - Tienda Solidaria de NeurodiverS\u00ed","robots":{"index":"index","follow":"follow","max-snippet":"max-snippet:-1","max-image-preview":"max-image-preview:large","max-video-preview":"max-video-preview:-1"},"canonical":"https:\/\/tiendasolidaria.neurodiversi.org\/index.php\/producto\/camiseta-de-manga-corta-unisex-2\/","og_locale":"es_ES","og_type":"article","og_title":"Camiseta de manga corta unisex - Tienda Solidaria de NeurodiverS\u00ed","og_description":"Prenda esencial para tu fondo de armario. Est\u00e1 fabricada con algod\u00f3n grueso, pero su tacto sigue siendo muy suave. El pespunte doble en el cuello y las mangas le a\u00f1aden mayor durabilidad por lo que pronto se convertir\u00e1 en una de tus prendas favoritas. \u2022 100% algod\u00f3n hilado en anillo \u2022 El color Sport Grey [&hellip;]","og_url":"https:\/\/tiendasolidaria.neurodiversi.org\/index.php\/producto\/camiseta-de-manga-corta-unisex-2\/","og_site_name":"Tienda Solidaria de NeurodiverS\u00ed","article_modified_time":"2024-07-09T12:57:27+00:00","og_image":[{"width":1000,"height":1000,"url":"https:\/\/tiendasolidaria.neurodiversi.org\/wp-content\/uploads\/2022\/02\/unisex-basic-softstyle-t-shirt-white-front-620984b0a59d7.jpg","type":"image\/jpeg"}],"twitter_card":"summary_large_image","twitter_misc":{"Tiempo de lectura":"1 minuto"},"schema":{"@context":"https:\/\/schema.org","@graph":[{"@type":"WebPage","@id":"https:\/\/tiendasolidaria.neurodiversi.org\/index.php\/producto\/camiseta-de-manga-corta-unisex-2\/","url":"https:\/\/tiendasolidaria.neurodiversi.org\/index.php\/producto\/camiseta-de-manga-corta-unisex-2\/","name":"Camiseta de manga corta unisex - Tienda Solidaria de NeurodiverS\u00ed","isPartOf":{"@id":"https:\/\/tiendasolidaria.neurodiversi.org\/#website"},"datePublished":"2022-02-13T22:23:01+00:00","dateModified":"2024-07-09T12:57:27+00:00","breadcrumb":{"@id":"https:\/\/tiendasolidaria.neurodiversi.org\/index.php\/producto\/camiseta-de-manga-corta-unisex-2\/#breadcrumb"},"inLanguage":"es","potentialAction":[{"@type":"ReadAction","target":["https:\/\/tiendasolidaria.neurodiversi.org\/index.php\/producto\/camiseta-de-manga-corta-unisex-2\/"]}]},{"@type":"BreadcrumbList","@id":"https:\/\/tiendasolidaria.neurodiversi.org\/index.php\/producto\/camiseta-de-manga-corta-unisex-2\/#breadcrumb","itemListElement":[{"@type":"ListItem","position":1,"name":"Portada","item":"https:\/\/tiendasolidaria.neurodiversi.org\/"},{"@type":"ListItem","position":2,"name":"Tienda","item":"https:\/\/tiendasolidaria.neurodiversi.org\/"},{"@type":"ListItem","position":3,"name":"Camiseta de manga corta unisex"}]},{"@type":"WebSite","@id":"https:\/\/tiendasolidaria.neurodiversi.org\/#website","url":"https:\/\/tiendasolidaria.neurodiversi.org\/","name":"Tienda Solidaria de NeurodiverS\u00ed","description":"Tienda Solidaria de NeurodiverS\u00ed","publisher":{"@id":"https:\/\/tiendasolidaria.neurodiversi.org\/#organization"},"potentialAction":[{"@type":"SearchAction","target":{"@type":"EntryPoint","urlTemplate":"https:\/\/tiendasolidaria.neurodiversi.org\/?s={search_term_string}"},"query-input":"required name=search_term_string"}],"inLanguage":"es"},{"@type":"Organization","@id":"https:\/\/tiendasolidaria.neurodiversi.org\/#organization","name":"Tienda Solidaria de NeurodiverS\u00ed","url":"https:\/\/tiendasolidaria.neurodiversi.org\/","logo":{"@type":"ImageObject","inLanguage":"es","@id":"https:\/\/tiendasolidaria.neurodiversi.org\/#\/schema\/logo\/image\/","url":"https:\/\/tiendasolidaria.neurodiversi.org\/wp-content\/uploads\/2021\/09\/cropped-neurodiversi_home1.png","contentUrl":"https:\/\/tiendasolidaria.neurodiversi.org\/wp-content\/uploads\/2021\/09\/cropped-neurodiversi_home1.png","width":532,"height":222,"caption":"Tienda Solidaria de NeurodiverS\u00ed"},"image":{"@id":"https:\/\/tiendasolidaria.neurodiversi.org\/#\/schema\/logo\/image\/"}}]}},"_links":{"self":[{"href":"https:\/\/tiendasolidaria.neurodiversi.org\/index.php\/wp-json\/wp\/v2\/product\/360","targetHints":{"allow":["GET"]}}],"collection":[{"href":"https:\/\/tiendasolidaria.neurodiversi.org\/index.php\/wp-json\/wp\/v2\/product"}],"about":[{"href":"https:\/\/tiendasolidaria.neurodiversi.org\/index.php\/wp-json\/wp\/v2\/types\/product"}],"replies":[{"embeddable":true,"href":"https:\/\/tiendasolidaria.neurodiversi.org\/index.php\/wp-json\/wp\/v2\/comments?post=360"}],"wp:featuredmedia":[{"embeddable":true,"href":"https:\/\/tiendasolidaria.neurodiversi.org\/index.php\/wp-json\/wp\/v2\/media\/373"}],"wp:attachment":[{"href":"https:\/\/tiendasolidaria.neurodiversi.org\/index.php\/wp-json\/wp\/v2\/media?parent=360"}],"wp:term":[{"taxonomy":"product_cat","embeddable":true,"href":"https:\/\/tiendasolidaria.neurodiversi.org\/index.php\/wp-json\/wp\/v2\/product_cat?post=360"},{"taxonomy":"product_tag","embeddable":true,"href":"https:\/\/tiendasolidaria.neurodiversi.org\/index.php\/wp-json\/wp\/v2\/product_tag?post=360"}],"curies":[{"name":"wp","href":"https:\/\/api.w.org\/{rel}","templated":true}]}}